{"id":2887,"date":"2024-06-01T11:12:56","date_gmt":"2024-06-01T11:12:56","guid":{"rendered":"https:\/\/sharpsat.com\/terminos-y-condiciones\/"},"modified":"2025-04-27T14:31:02","modified_gmt":"2025-04-27T14:31:02","slug":"terminos-y-condiciones","status":"publish","type":"page","link":"https:\/\/sharpsat.com\/es\/terminos-y-condiciones\/","title":{"rendered":"T\u00e9rminos y condiciones"},"content":{"rendered":"\t\t<div data-elementor-type=\"wp-page\" data-elementor-id=\"2887\" class=\"elementor elementor-2887 elementor-251\" data-elementor-post-type=\"page\">\n\t\t\t\t<div class=\"elementor-element elementor-element-bb327a5 e-flex e-con-boxed e-con e-parent\" data-id=\"bb327a5\" data-element_type=\"container\">\n\t\t\t\t\t<div class=\"e-con-inner\">\n\t\t\t\t<div class=\"elementor-element elementor-element-da318ba elementor-widget elementor-widget-heading\" data-id=\"da318ba\" data-element_type=\"widget\" data-widget_type=\"heading.default\">\n\t\t\t\t<div class=\"elementor-widget-container\">\n\t\t\t<h2 class=\"elementor-heading-title elementor-size-default\">T\u00e9rminos y condiciones<\/h2>\t\t<\/div>\n\t\t\t\t<\/div>\n\t\t\t\t<div class=\"elementor-element elementor-element-0550fc7 elementor-widget elementor-widget-text-editor\" data-id=\"0550fc7\" data-element_type=\"widget\" data-widget_type=\"text-editor.default\">\n\t\t\t\t<div class=\"elementor-widget-container\">\n\t\t\t\t\t\t\t<p><strong>Sharpsat<\/strong><br \/>Fahrenheitstra\u00dfe 1,<br \/>28359 Bremen,<br \/>Alemania<\/p>\n<p><strong>Tribunal de Registro<\/strong>: Amtsgericht Bremen, HRB 39787 HB<\/p>\n<h4>1. Introducci\u00f3n<\/h4>\n<p>Bienvenido al sitio web <strong>de Sharpsat<\/strong> (\u00abnosotros\u00bb, \u00abnuestro\u00bb o \u00abnos\u00bb). Al acceder y utilizar este sitio web, aceptas regirte por los siguientes T\u00e9rminos y Condiciones, as\u00ed como por las leyes y normativas aplicables. Si no est\u00e1s de acuerdo con alguna parte de estas condiciones, no utilices nuestro sitio web ni nuestros servicios.<\/p>\n<h4>2. Modificaci\u00f3n de las condiciones<\/h4>\n<p>Nos reservamos el derecho a modificar o sustituir estas Condiciones en cualquier momento. Los cambios significativos se notificar\u00e1n por correo electr\u00f3nico o mediante un aviso en el sitio web. El uso continuado de nuestros servicios tras la publicaci\u00f3n de los cambios constituye tu aceptaci\u00f3n de las nuevas condiciones.<\/p>\n<h4>3. Servicios<\/h4>\n<p><strong>Sharpsat<\/strong> presta servicios relacionados con [describe brevemente el servicio, por ejemplo, soluciones por sat\u00e9lite o tecnol\u00f3gicas]. Los detalles de los servicios, incluidas sus limitaciones y garant\u00edas, se describen en nuestras p\u00e1ginas de servicios o se facilitan directamente a nuestros clientes.<\/p>\n<h4>4. Propiedad intelectual<\/h4>\n<p>Todo el contenido, marcas registradas, logotipos y otros materiales publicados en el sitio web son propiedad exclusiva de <strong>Sharpsat<\/strong> o est\u00e1n autorizados para su uso. No puedes copiar, distribuir, modificar, transmitir o utilizar estos materiales sin nuestro permiso previo por escrito.<\/p>\n<h4>5. Renuncia de garant\u00edas<\/h4>\n<p>Nuestros servicios se prestan \u00abtal cual\u00bb. No garantizamos que el uso de nuestros servicios sea ininterrumpido, seguro o libre de errores. <strong>Sharpsat<\/strong> no ser\u00e1 responsable de ning\u00fan da\u00f1o directo, indirecto, incidental o consecuente que resulte del uso o de la incapacidad de usar nuestros servicios.<\/p>\n<h4>6. Limitaci\u00f3n de responsabilidad<\/h4>\n<p><strong>Sharpsat<\/strong> no ser\u00e1 responsable de ning\u00fan da\u00f1o directo, indirecto o consecuente, incluida la p\u00e9rdida de beneficios, resultante del uso o de la incapacidad de usar los servicios ofrecidos.<\/p>\n<h4>7. Ley aplicable<\/h4>\n<p>Estos T\u00e9rminos y Condiciones se rigen e interpretan de acuerdo con las leyes de Alemania. Cualquier disputa relacionada con estos t\u00e9rminos se resolver\u00e1 en los tribunales competentes de Bremen, Alemania.<\/p>\n<h4>8. Contacta con<\/h4>\n<p>Si tienes alguna pregunta sobre estos T\u00e9rminos y Condiciones, ponte en contacto con nosotros en<\/p>\n<p><strong>Sharpsat<\/strong><br \/>Fahrenheitstra\u00dfe 1,<br \/>28359 Bremen,<br \/>Alemania<\/p>\n\t\t\t\t\t\t<\/div>\n\t\t\t\t<\/div>\n\t\t\t\t\t<\/div>\n\t\t\t\t<\/div>\n\t\t\t\t<\/div>\n\t\t","protected":false},"excerpt":{"rendered":"<p>T\u00e9rminos y condiciones SharpsatFahrenheitstra\u00dfe 1,28359 Bremen,Alemania Tribunal de Registro: Amtsgericht Bremen, HRB 39787 HB 1. Introducci\u00f3n Bienvenido al sitio web de Sharpsat (\u00abnosotros\u00bb, \u00abnuestro\u00bb o \u00abnos\u00bb). Al acceder y utilizar este sitio web, aceptas regirte por los siguientes T\u00e9rminos y Condiciones, as\u00ed como por las leyes y normativas aplicables. Si no est\u00e1s de acuerdo con [&hellip;]<\/p>\n","protected":false},"author":1,"featured_media":0,"parent":0,"menu_order":0,"comment_status":"closed","ping_status":"closed","template":"elementor_header_footer","meta":{"_acf_changed":false,"content-type":"","footnotes":""},"class_list":["post-2887","page","type-page","status-publish","hentry"],"acf":[],"yoast_head":"<!-- This site is optimized with the Yoast SEO plugin v22.9 - https:\/\/yoast.com\/wordpress\/plugins\/seo\/ -->\n<title>T\u00e9rminos y condiciones - Sharpsat<\/title>\n<meta name=\"robots\" content=\"index, follow, max-snippet:-1, max-image-preview:large, max-video-preview:-1\" \/>\n<link rel=\"canonical\" href=\"https:\/\/sharpsat.com\/es\/terminos-y-condiciones\/\" \/>\n<meta property=\"og:locale\" content=\"es_ES\" \/>\n<meta property=\"og:type\" content=\"article\" \/>\n<meta property=\"og:title\" content=\"T\u00e9rminos y condiciones - Sharpsat\" \/>\n<meta property=\"og:description\" content=\"T\u00e9rminos y condiciones SharpsatFahrenheitstra\u00dfe 1,28359 Bremen,Alemania Tribunal de Registro: Amtsgericht Bremen, HRB 39787 HB 1. Introducci\u00f3n Bienvenido al sitio web de Sharpsat (\u00abnosotros\u00bb, \u00abnuestro\u00bb o \u00abnos\u00bb). Al acceder y utilizar este sitio web, aceptas regirte por los siguientes T\u00e9rminos y Condiciones, as\u00ed como por las leyes y normativas aplicables. Si no est\u00e1s de acuerdo con [&hellip;]\" \/>\n<meta property=\"og:url\" content=\"https:\/\/sharpsat.com\/es\/terminos-y-condiciones\/\" \/>\n<meta property=\"og:site_name\" content=\"Sharpsat\" \/>\n<meta property=\"article:modified_time\" content=\"2025-04-27T14:31:02+00:00\" \/>\n<meta name=\"twitter:card\" content=\"summary_large_image\" \/>\n<meta name=\"twitter:label1\" content=\"Tiempo de lectura\" \/>\n\t<meta name=\"twitter:data1\" content=\"2 minutos\" \/>\n<script type=\"application\/ld+json\" class=\"yoast-schema-graph\">{\"@context\":\"https:\/\/schema.org\",\"@graph\":[{\"@type\":\"WebPage\",\"@id\":\"https:\/\/sharpsat.com\/es\/terminos-y-condiciones\/\",\"url\":\"https:\/\/sharpsat.com\/es\/terminos-y-condiciones\/\",\"name\":\"T\u00e9rminos y condiciones - Sharpsat\",\"isPartOf\":{\"@id\":\"https:\/\/sharpsat.com\/es\/#website\"},\"datePublished\":\"2024-06-01T11:12:56+00:00\",\"dateModified\":\"2025-04-27T14:31:02+00:00\",\"breadcrumb\":{\"@id\":\"https:\/\/sharpsat.com\/es\/terminos-y-condiciones\/#breadcrumb\"},\"inLanguage\":\"es\",\"potentialAction\":[{\"@type\":\"ReadAction\",\"target\":[\"https:\/\/sharpsat.com\/es\/terminos-y-condiciones\/\"]}]},{\"@type\":\"BreadcrumbList\",\"@id\":\"https:\/\/sharpsat.com\/es\/terminos-y-condiciones\/#breadcrumb\",\"itemListElement\":[{\"@type\":\"ListItem\",\"position\":1,\"name\":\"Home\",\"item\":\"https:\/\/sharpsat.com\/es\/\"},{\"@type\":\"ListItem\",\"position\":2,\"name\":\"T\u00e9rminos y condiciones\"}]},{\"@type\":\"WebSite\",\"@id\":\"https:\/\/sharpsat.com\/es\/#website\",\"url\":\"https:\/\/sharpsat.com\/es\/\",\"name\":\"Sharpsat\",\"description\":\"\",\"publisher\":{\"@id\":\"https:\/\/sharpsat.com\/es\/#organization\"},\"potentialAction\":[{\"@type\":\"SearchAction\",\"target\":{\"@type\":\"EntryPoint\",\"urlTemplate\":\"https:\/\/sharpsat.com\/es\/?s={search_term_string}\"},\"query-input\":\"required name=search_term_string\"}],\"inLanguage\":\"es\"},{\"@type\":\"Organization\",\"@id\":\"https:\/\/sharpsat.com\/es\/#organization\",\"name\":\"Sharpsat\",\"url\":\"https:\/\/sharpsat.com\/es\/\",\"logo\":{\"@type\":\"ImageObject\",\"inLanguage\":\"es\",\"@id\":\"https:\/\/sharpsat.com\/es\/#\/schema\/logo\/image\/\",\"url\":\"https:\/\/sharpsat.com\/wp-content\/uploads\/2024\/05\/SHARPSAT.png\",\"contentUrl\":\"https:\/\/sharpsat.com\/wp-content\/uploads\/2024\/05\/SHARPSAT.png\",\"width\":105,\"height\":16,\"caption\":\"Sharpsat\"},\"image\":{\"@id\":\"https:\/\/sharpsat.com\/es\/#\/schema\/logo\/image\/\"}}]}<\/script>\n<!-- \/ Yoast SEO plugin. -->","yoast_head_json":{"title":"T\u00e9rminos y condiciones - Sharpsat","robots":{"index":"index","follow":"follow","max-snippet":"max-snippet:-1","max-image-preview":"max-image-preview:large","max-video-preview":"max-video-preview:-1"},"canonical":"https:\/\/sharpsat.com\/es\/terminos-y-condiciones\/","og_locale":"es_ES","og_type":"article","og_title":"T\u00e9rminos y condiciones - Sharpsat","og_description":"T\u00e9rminos y condiciones SharpsatFahrenheitstra\u00dfe 1,28359 Bremen,Alemania Tribunal de Registro: Amtsgericht Bremen, HRB 39787 HB 1. Introducci\u00f3n Bienvenido al sitio web de Sharpsat (\u00abnosotros\u00bb, \u00abnuestro\u00bb o \u00abnos\u00bb). Al acceder y utilizar este sitio web, aceptas regirte por los siguientes T\u00e9rminos y Condiciones, as\u00ed como por las leyes y normativas aplicables. Si no est\u00e1s de acuerdo con [&hellip;]","og_url":"https:\/\/sharpsat.com\/es\/terminos-y-condiciones\/","og_site_name":"Sharpsat","article_modified_time":"2025-04-27T14:31:02+00:00","twitter_card":"summary_large_image","twitter_misc":{"Tiempo de lectura":"2 minutos"},"schema":{"@context":"https:\/\/schema.org","@graph":[{"@type":"WebPage","@id":"https:\/\/sharpsat.com\/es\/terminos-y-condiciones\/","url":"https:\/\/sharpsat.com\/es\/terminos-y-condiciones\/","name":"T\u00e9rminos y condiciones - Sharpsat","isPartOf":{"@id":"https:\/\/sharpsat.com\/es\/#website"},"datePublished":"2024-06-01T11:12:56+00:00","dateModified":"2025-04-27T14:31:02+00:00","breadcrumb":{"@id":"https:\/\/sharpsat.com\/es\/terminos-y-condiciones\/#breadcrumb"},"inLanguage":"es","potentialAction":[{"@type":"ReadAction","target":["https:\/\/sharpsat.com\/es\/terminos-y-condiciones\/"]}]},{"@type":"BreadcrumbList","@id":"https:\/\/sharpsat.com\/es\/terminos-y-condiciones\/#breadcrumb","itemListElement":[{"@type":"ListItem","position":1,"name":"Home","item":"https:\/\/sharpsat.com\/es\/"},{"@type":"ListItem","position":2,"name":"T\u00e9rminos y condiciones"}]},{"@type":"WebSite","@id":"https:\/\/sharpsat.com\/es\/#website","url":"https:\/\/sharpsat.com\/es\/","name":"Sharpsat","description":"","publisher":{"@id":"https:\/\/sharpsat.com\/es\/#organization"},"potentialAction":[{"@type":"SearchAction","target":{"@type":"EntryPoint","urlTemplate":"https:\/\/sharpsat.com\/es\/?s={search_term_string}"},"query-input":"required name=search_term_string"}],"inLanguage":"es"},{"@type":"Organization","@id":"https:\/\/sharpsat.com\/es\/#organization","name":"Sharpsat","url":"https:\/\/sharpsat.com\/es\/","logo":{"@type":"ImageObject","inLanguage":"es","@id":"https:\/\/sharpsat.com\/es\/#\/schema\/logo\/image\/","url":"https:\/\/sharpsat.com\/wp-content\/uploads\/2024\/05\/SHARPSAT.png","contentUrl":"https:\/\/sharpsat.com\/wp-content\/uploads\/2024\/05\/SHARPSAT.png","width":105,"height":16,"caption":"Sharpsat"},"image":{"@id":"https:\/\/sharpsat.com\/es\/#\/schema\/logo\/image\/"}}]}},"_links":{"self":[{"href":"https:\/\/sharpsat.com\/es\/wp-json\/wp\/v2\/pages\/2887","targetHints":{"allow":["GET"]}}],"collection":[{"href":"https:\/\/sharpsat.com\/es\/wp-json\/wp\/v2\/pages"}],"about":[{"href":"https:\/\/sharpsat.com\/es\/wp-json\/wp\/v2\/types\/page"}],"author":[{"embeddable":true,"href":"https:\/\/sharpsat.com\/es\/wp-json\/wp\/v2\/users\/1"}],"replies":[{"embeddable":true,"href":"https:\/\/sharpsat.com\/es\/wp-json\/wp\/v2\/comments?post=2887"}],"version-history":[{"count":1,"href":"https:\/\/sharpsat.com\/es\/wp-json\/wp\/v2\/pages\/2887\/revisions"}],"predecessor-version":[{"id":2888,"href":"https:\/\/sharpsat.com\/es\/wp-json\/wp\/v2\/pages\/2887\/revisions\/2888"}],"wp:attachment":[{"href":"https:\/\/sharpsat.com\/es\/wp-json\/wp\/v2\/media?parent=2887"}],"curies":[{"name":"wp","href":"https:\/\/api.w.org\/{rel}","templated":true}]}}